{"id":21258,"date":"2020-07-02T16:51:21","date_gmt":"2020-07-02T19:51:21","guid":{"rendered":"https:\/\/siteantigo.haddaduniformes.com.br\/wp\/?post_type=product&#038;p=21258"},"modified":"2021-11-11T11:05:28","modified_gmt":"2021-11-11T14:05:28","slug":"camisa-social-masculina-manga-longa-unifill","status":"publish","type":"product","link":"https:\/\/siteantigo.haddaduniformes.com.br\/wp\/produto\/camisa-social-masculina-manga-longa-unifill\/","title":{"rendered":"CAMISA SOCIAL MASCULINA MANGA LONGA UNIFILL"},"content":{"rendered":"<p><strong>CAMISA SOCIAL MASCULINA EM TECIDO UNIFFIL (65% POLI\u00c9STER \/ 35% ALGOD\u00c3O) &#8211; MANGA LONGA &#8211; 1 (UM) BOLSO FRONTAL, ideal para profissionais recepcionistas, porteiros, seguran\u00e7as. Al\u00e9m disso, condom\u00ednios, facilities, RH.<\/strong><\/p>\n","protected":false},"excerpt":{"rendered":"<p><strong>CAMISA SOCIAL MASCULINA EM TECIDO UNIFFIL (65% POLI\u00c9STER \/ 35% ALGOD\u00c3O) &#8211; MANGA LONGA &#8211; 1 (UM) BOLSO FRONTAL<\/strong><\/p>\n[fusion_builder_container hundred_percent=\"no\" hundred_percent_height=\"no\" hundred_percent_height_scroll=\"no\" hundred_percent_height_center_content=\"yes\" equal_height_columns=\"no\" menu_anchor=\"\" hide_on_mobile=\"small-visibility,medium-visibility,large-visibility\" status=\"published\" publish_date=\"\" class=\"\" id=\"\" link_color=\"\" link_hover_color=\"\" border_size=\"\" border_color=\"\" border_style=\"solid\" margin_top=\"\" margin_bottom=\"\" padding_top=\"\" padding_right=\"\" padding_bottom=\"\" padding_left=\"\" gradient_start_color=\"\" gradient_end_color=\"\" gradient_start_position=\"0\" gradient_end_position=\"100\" gradient_type=\"linear\" radial_direction=\"center center\" linear_angle=\"180\" background_color=\"\" background_image=\"\" background_position=\"center center\" background_repeat=\"no-repeat\" fade=\"no\" background_parallax=\"none\" enable_mobile=\"no\" parallax_speed=\"0.3\" background_blend_mode=\"none\" video_mp4=\"\" video_webm=\"\" video_ogv=\"\" video_url=\"\" video_aspect_ratio=\"16:9\" video_loop=\"yes\" video_mute=\"yes\" video_preview_image=\"\" filter_hue=\"0\" filter_saturation=\"100\" filter_brightness=\"100\" filter_contrast=\"100\" filter_invert=\"0\" filter_sepia=\"0\" filter_opacity=\"100\" filter_blur=\"0\" filter_hue_hover=\"0\" filter_saturation_hover=\"100\" filter_brightness_hover=\"100\" filter_contrast_hover=\"100\" filter_invert_hover=\"0\" filter_sepia_hover=\"0\" filter_opacity_hover=\"100\" filter_blur_hover=\"0\"][fusion_builder_row][fusion_builder_column type=\"1_1\" layout=\"1_1\" spacing=\"\" center_content=\"no\" link=\"\" target=\"_self\" min_height=\"\" hide_on_mobile=\"small-visibility,medium-visibility,large-visibility\" class=\"\" id=\"\" hover_type=\"none\" border_size=\"0\" border_color=\"\" border_style=\"solid\" border_position=\"all\" box_shadow=\"no\" box_shadow_blur=\"0\" box_shadow_spread=\"0\" box_shadow_color=\"\" box_shadow_style=\"\" background_type=\"single\" gradient_start_position=\"0\" gradient_end_position=\"100\" gradient_type=\"linear\" radial_direction=\"center center\" linear_angle=\"180\" background_color=\"\" background_image=\"\" background_image_id=\"\" background_position=\"left top\" background_repeat=\"no-repeat\" background_blend_mode=\"none\" animation_type=\"\" animation_direction=\"left\" animation_speed=\"0.3\" animation_offset=\"\" filter_type=\"regular\" filter_hue=\"0\" filter_saturation=\"100\" filter_brightness=\"100\" filter_contrast=\"100\" filter_invert=\"0\" filter_sepia=\"0\" filter_opacity=\"100\" filter_blur=\"0\" filter_hue_hover=\"0\" filter_saturation_hover=\"100\" filter_brightness_hover=\"100\" filter_contrast_hover=\"100\" filter_invert_hover=\"0\" filter_sepia_hover=\"0\" filter_opacity_hover=\"100\" filter_blur_hover=\"0\" first=\"true\" last=\"true\"][fusion_accordion border_size=\"1\" icon_size=\"\" hide_on_mobile=\"small-visibility,medium-visibility,large-visibility\"][fusion_toggle title=\"CONFIRA AS MEDIDAS\" open=\"yes\"]<\/p>\n<div class=\"table-2 croqui\">\n<table width=\"50%\">\n<thead>\n<tr>\n<th align=\"left\">Tamanho<\/th>\n<th align=\"left\">Comprimento<\/th>\n<th align=\"left\">Largura<\/th>\n<th align=\"left\">Manga<\/th>\n<\/tr>\n<\/thead>\n<tbody>\n<tr>\n<td>PP<\/td>\n<td>75<\/td>\n<td>54<\/td>\n<td>56<\/td>\n<\/tr>\n<tr>\n<td>P<\/td>\n<td>76<\/td>\n<td>56<\/td>\n<td>58<\/td>\n<\/tr>\n<tr>\n<td>M<\/td>\n<td>78<\/td>\n<td>58<\/td>\n<td>60<\/td>\n<\/tr>\n<tr>\n<td>G<\/td>\n<td>79<\/td>\n<td>63<\/td>\n<td>62<\/td>\n<\/tr>\n<tr>\n<td>GG<\/td>\n<td>81<\/td>\n<td>65<\/td>\n<td>64<\/td>\n<\/tr>\n<tr>\n<td>XG<\/td>\n<td>82<\/td>\n<td>69<\/td>\n<td>65<\/td>\n<\/tr>\n<\/tbody>\n<\/table>\n<\/div>\n<p>[\/fusion_toggle][\/fusion_accordion][\/fusion_builder_column][\/fusion_builder_row][\/fusion_builder_container]\n<p><strong>Sem estoque?<\/strong> <a href=\"https:\/\/api.whatsapp.com\/send?l=pt-BR&amp;phone=5521984000544&amp;text=Ol%C3%A1%2C%20vi%20um%20produto%20na%20loja%20online%20da%20Haddad%20Uniformes%2C%20gostaria%20de%20informa%C3%A7%C3%B5es.\" target=\"_blank\" rel=\"noopener noreferrer\">Clique aqui e fa\u00e7a sua encomenda!<\/a><\/p>\n","protected":false},"featured_media":21533,"comment_status":"open","ping_status":"closed","template":"","meta":[],"product_cat":[114],"product_tag":[],"yoast_head":"<!-- This site is optimized with the Yoast SEO plugin v17.6 - https:\/\/yoast.com\/wordpress\/plugins\/seo\/ -->\n<title>CAMISA SOCIAL MASCULINA MANGA LONGA Unifill - Haddad Uniformes<\/title>\n<meta name=\"description\" content=\"CAMISA SOCIAL MASCULINA MANGA LONGA EM TECIDO UNIFILL (65% POLI\u00c9STER \/ 35% ALGOD\u00c3O). Adquira j\u00e1 a sua em www.haddaduniformes.com.br\" \/>\n<meta name=\"robots\" content=\"index, follow, max-snippet:-1, max-image-preview:large, max-video-preview:-1\" \/>\n<link rel=\"canonical\" href=\"https:\/\/siteantigo.haddaduniformes.com.br\/wp\/produto\/camisa-social-masculina-manga-longa-unifill\/\" \/>\n<meta property=\"og:locale\" content=\"pt_BR\" \/>\n<meta property=\"og:type\" content=\"article\" \/>\n<meta property=\"og:title\" content=\"CAMISA SOCIAL MASCULINA MANGA LONGA Unifill - Haddad Uniformes\" \/>\n<meta property=\"og:description\" content=\"CAMISA SOCIAL MASCULINA MANGA LONGA EM TECIDO UNIFILL (65% POLI\u00c9STER \/ 35% ALGOD\u00c3O). Adquira j\u00e1 a sua em www.haddaduniformes.com.br\" \/>\n<meta property=\"og:url\" content=\"https:\/\/siteantigo.haddaduniformes.com.br\/wp\/produto\/camisa-social-masculina-manga-longa-unifill\/\" \/>\n<meta property=\"og:site_name\" content=\"Haddad Uniformes\" \/>\n<meta property=\"article:publisher\" content=\"https:\/\/web.facebook.com\/haddaduniformes.com.br\/\" \/>\n<meta property=\"article:modified_time\" content=\"2021-11-11T14:05:28+00:00\" \/>\n<meta property=\"og:image\" content=\"https:\/\/siteantigo.haddaduniformes.com.br\/wp\/wp-content\/uploads\/2020\/07\/Camisa-Social-Masculina-Uniffil-Azul-Claro-Manga-Longa-Frente.jpg\" \/>\n\t<meta property=\"og:image:width\" content=\"600\" \/>\n\t<meta property=\"og:image:height\" content=\"900\" \/>\n<meta name=\"twitter:card\" content=\"summary_large_image\" \/>\n<meta name=\"twitter:site\" content=\"@haddaduniformes\" \/>\n<script type=\"application\/ld+json\" class=\"yoast-schema-graph\">{\"@context\":\"https:\/\/schema.org\",\"@graph\":[{\"@type\":\"Organization\",\"@id\":\"https:\/\/siteantigo.haddaduniformes.com.br\/wp\/#organization\",\"name\":\"Haddad Uniformes\",\"url\":\"https:\/\/siteantigo.haddaduniformes.com.br\/wp\/\",\"sameAs\":[\"https:\/\/web.facebook.com\/haddaduniformes.com.br\/\",\"https:\/\/www.instagram.com\/haddaduniformes\/\",\"https:\/\/www.youtube.com\/channel\/UCCrDEks-_r_89aivmUZnSAQ\",\"https:\/\/twitter.com\/haddaduniformes\"],\"logo\":{\"@type\":\"ImageObject\",\"@id\":\"https:\/\/siteantigo.haddaduniformes.com.br\/wp\/#logo\",\"inLanguage\":\"pt-BR\",\"url\":\"https:\/\/siteantigo.haddaduniformes.com.br\/wp\/wp-content\/uploads\/2019\/11\/haddad-uniformes420.png\",\"contentUrl\":\"https:\/\/siteantigo.haddaduniformes.com.br\/wp\/wp-content\/uploads\/2019\/11\/haddad-uniformes420.png\",\"width\":420,\"height\":171,\"caption\":\"Haddad Uniformes\"},\"image\":{\"@id\":\"https:\/\/siteantigo.haddaduniformes.com.br\/wp\/#logo\"}},{\"@type\":\"WebSite\",\"@id\":\"https:\/\/siteantigo.haddaduniformes.com.br\/wp\/#website\",\"url\":\"https:\/\/siteantigo.haddaduniformes.com.br\/wp\/\",\"name\":\"Haddad Uniformes - A Solu\\u00e7\\u00e3o Definitiva em Uniformiza\\u00e7\\u00e3o Profissional\",\"description\":\"Confec\\u00e7\\u00e3o de Uniformes para Empresas - Servi\\u00e7os de Estamparia no Rio de Janeiro\",\"publisher\":{\"@id\":\"https:\/\/siteantigo.haddaduniformes.com.br\/wp\/#organization\"},\"potentialAction\":[{\"@type\":\"SearchAction\",\"target\":{\"@type\":\"EntryPoint\",\"urlTemplate\":\"https:\/\/siteantigo.haddaduniformes.com.br\/wp\/?s={search_term_string}\"},\"query-input\":\"required name=search_term_string\"}],\"inLanguage\":\"pt-BR\"},{\"@type\":\"ImageObject\",\"@id\":\"https:\/\/siteantigo.haddaduniformes.com.br\/wp\/produto\/camisa-social-masculina-manga-longa-unifill\/#primaryimage\",\"inLanguage\":\"pt-BR\",\"url\":\"https:\/\/siteantigo.haddaduniformes.com.br\/wp\/wp-content\/uploads\/2020\/07\/Camisa-Social-Masculina-Uniffil-Azul-Claro-Manga-Longa-Frente.jpg\",\"contentUrl\":\"https:\/\/siteantigo.haddaduniformes.com.br\/wp\/wp-content\/uploads\/2020\/07\/Camisa-Social-Masculina-Uniffil-Azul-Claro-Manga-Longa-Frente.jpg\",\"width\":600,\"height\":900},{\"@type\":\"WebPage\",\"@id\":\"https:\/\/siteantigo.haddaduniformes.com.br\/wp\/produto\/camisa-social-masculina-manga-longa-unifill\/#webpage\",\"url\":\"https:\/\/siteantigo.haddaduniformes.com.br\/wp\/produto\/camisa-social-masculina-manga-longa-unifill\/\",\"name\":\"CAMISA SOCIAL MASCULINA MANGA LONGA Unifill - Haddad Uniformes\",\"isPartOf\":{\"@id\":\"https:\/\/siteantigo.haddaduniformes.com.br\/wp\/#website\"},\"primaryImageOfPage\":{\"@id\":\"https:\/\/siteantigo.haddaduniformes.com.br\/wp\/produto\/camisa-social-masculina-manga-longa-unifill\/#primaryimage\"},\"datePublished\":\"2020-07-02T19:51:21+00:00\",\"dateModified\":\"2021-11-11T14:05:28+00:00\",\"description\":\"CAMISA SOCIAL MASCULINA MANGA LONGA EM TECIDO UNIFILL (65% POLI\\u00c9STER \/ 35% ALGOD\\u00c3O). Adquira j\\u00e1 a sua em www.haddaduniformes.com.br\",\"breadcrumb\":{\"@id\":\"https:\/\/siteantigo.haddaduniformes.com.br\/wp\/produto\/camisa-social-masculina-manga-longa-unifill\/#breadcrumb\"},\"inLanguage\":\"pt-BR\",\"potentialAction\":[{\"@type\":\"ReadAction\",\"target\":[\"https:\/\/siteantigo.haddaduniformes.com.br\/wp\/produto\/camisa-social-masculina-manga-longa-unifill\/\"]}]},{\"@type\":\"BreadcrumbList\",\"@id\":\"https:\/\/siteantigo.haddaduniformes.com.br\/wp\/produto\/camisa-social-masculina-manga-longa-unifill\/#breadcrumb\",\"itemListElement\":[{\"@type\":\"ListItem\",\"position\":1,\"name\":\"In\\u00edcio\",\"item\":\"https:\/\/siteantigo.haddaduniformes.com.br\/wp\/\"},{\"@type\":\"ListItem\",\"position\":2,\"name\":\"Produtos\",\"item\":\"https:\/\/siteantigo.haddaduniformes.com.br\/wp\/shop\/\"},{\"@type\":\"ListItem\",\"position\":3,\"name\":\"CAMISA SOCIAL MASCULINA MANGA LONGA UNIFILL\"}]}]}<\/script>\n<!-- \/ Yoast SEO plugin. -->","yoast_head_json":{"title":"CAMISA SOCIAL MASCULINA MANGA LONGA Unifill - Haddad Uniformes","description":"CAMISA SOCIAL MASCULINA MANGA LONGA EM TECIDO UNIFILL (65% POLI\u00c9STER \/ 35% ALGOD\u00c3O). Adquira j\u00e1 a sua em www.haddaduniformes.com.br","robots":{"index":"index","follow":"follow","max-snippet":"max-snippet:-1","max-image-preview":"max-image-preview:large","max-video-preview":"max-video-preview:-1"},"canonical":"https:\/\/siteantigo.haddaduniformes.com.br\/wp\/produto\/camisa-social-masculina-manga-longa-unifill\/","og_locale":"pt_BR","og_type":"article","og_title":"CAMISA SOCIAL MASCULINA MANGA LONGA Unifill - Haddad Uniformes","og_description":"CAMISA SOCIAL MASCULINA MANGA LONGA EM TECIDO UNIFILL (65% POLI\u00c9STER \/ 35% ALGOD\u00c3O). Adquira j\u00e1 a sua em www.haddaduniformes.com.br","og_url":"https:\/\/siteantigo.haddaduniformes.com.br\/wp\/produto\/camisa-social-masculina-manga-longa-unifill\/","og_site_name":"Haddad Uniformes","article_publisher":"https:\/\/web.facebook.com\/haddaduniformes.com.br\/","article_modified_time":"2021-11-11T14:05:28+00:00","og_image":[{"width":600,"height":900,"url":"https:\/\/siteantigo.haddaduniformes.com.br\/wp\/wp-content\/uploads\/2020\/07\/Camisa-Social-Masculina-Uniffil-Azul-Claro-Manga-Longa-Frente.jpg","type":"image\/jpeg"}],"twitter_card":"summary_large_image","twitter_site":"@haddaduniformes","schema":{"@context":"https:\/\/schema.org","@graph":[{"@type":"Organization","@id":"https:\/\/siteantigo.haddaduniformes.com.br\/wp\/#organization","name":"Haddad Uniformes","url":"https:\/\/siteantigo.haddaduniformes.com.br\/wp\/","sameAs":["https:\/\/web.facebook.com\/haddaduniformes.com.br\/","https:\/\/www.instagram.com\/haddaduniformes\/","https:\/\/www.youtube.com\/channel\/UCCrDEks-_r_89aivmUZnSAQ","https:\/\/twitter.com\/haddaduniformes"],"logo":{"@type":"ImageObject","@id":"https:\/\/siteantigo.haddaduniformes.com.br\/wp\/#logo","inLanguage":"pt-BR","url":"https:\/\/siteantigo.haddaduniformes.com.br\/wp\/wp-content\/uploads\/2019\/11\/haddad-uniformes420.png","contentUrl":"https:\/\/siteantigo.haddaduniformes.com.br\/wp\/wp-content\/uploads\/2019\/11\/haddad-uniformes420.png","width":420,"height":171,"caption":"Haddad Uniformes"},"image":{"@id":"https:\/\/siteantigo.haddaduniformes.com.br\/wp\/#logo"}},{"@type":"WebSite","@id":"https:\/\/siteantigo.haddaduniformes.com.br\/wp\/#website","url":"https:\/\/siteantigo.haddaduniformes.com.br\/wp\/","name":"Haddad Uniformes - A Solu\u00e7\u00e3o Definitiva em Uniformiza\u00e7\u00e3o Profissional","description":"Confec\u00e7\u00e3o de Uniformes para Empresas - Servi\u00e7os de Estamparia no Rio de Janeiro","publisher":{"@id":"https:\/\/siteantigo.haddaduniformes.com.br\/wp\/#organization"},"potentialAction":[{"@type":"SearchAction","target":{"@type":"EntryPoint","urlTemplate":"https:\/\/siteantigo.haddaduniformes.com.br\/wp\/?s={search_term_string}"},"query-input":"required name=search_term_string"}],"inLanguage":"pt-BR"},{"@type":"ImageObject","@id":"https:\/\/siteantigo.haddaduniformes.com.br\/wp\/produto\/camisa-social-masculina-manga-longa-unifill\/#primaryimage","inLanguage":"pt-BR","url":"https:\/\/siteantigo.haddaduniformes.com.br\/wp\/wp-content\/uploads\/2020\/07\/Camisa-Social-Masculina-Uniffil-Azul-Claro-Manga-Longa-Frente.jpg","contentUrl":"https:\/\/siteantigo.haddaduniformes.com.br\/wp\/wp-content\/uploads\/2020\/07\/Camisa-Social-Masculina-Uniffil-Azul-Claro-Manga-Longa-Frente.jpg","width":600,"height":900},{"@type":"WebPage","@id":"https:\/\/siteantigo.haddaduniformes.com.br\/wp\/produto\/camisa-social-masculina-manga-longa-unifill\/#webpage","url":"https:\/\/siteantigo.haddaduniformes.com.br\/wp\/produto\/camisa-social-masculina-manga-longa-unifill\/","name":"CAMISA SOCIAL MASCULINA MANGA LONGA Unifill - Haddad Uniformes","isPartOf":{"@id":"https:\/\/siteantigo.haddaduniformes.com.br\/wp\/#website"},"primaryImageOfPage":{"@id":"https:\/\/siteantigo.haddaduniformes.com.br\/wp\/produto\/camisa-social-masculina-manga-longa-unifill\/#primaryimage"},"datePublished":"2020-07-02T19:51:21+00:00","dateModified":"2021-11-11T14:05:28+00:00","description":"CAMISA SOCIAL MASCULINA MANGA LONGA EM TECIDO UNIFILL (65% POLI\u00c9STER \/ 35% ALGOD\u00c3O). Adquira j\u00e1 a sua em www.haddaduniformes.com.br","breadcrumb":{"@id":"https:\/\/siteantigo.haddaduniformes.com.br\/wp\/produto\/camisa-social-masculina-manga-longa-unifill\/#breadcrumb"},"inLanguage":"pt-BR","potentialAction":[{"@type":"ReadAction","target":["https:\/\/siteantigo.haddaduniformes.com.br\/wp\/produto\/camisa-social-masculina-manga-longa-unifill\/"]}]},{"@type":"BreadcrumbList","@id":"https:\/\/siteantigo.haddaduniformes.com.br\/wp\/produto\/camisa-social-masculina-manga-longa-unifill\/#breadcrumb","itemListElement":[{"@type":"ListItem","position":1,"name":"In\u00edcio","item":"https:\/\/siteantigo.haddaduniformes.com.br\/wp\/"},{"@type":"ListItem","position":2,"name":"Produtos","item":"https:\/\/siteantigo.haddaduniformes.com.br\/wp\/shop\/"},{"@type":"ListItem","position":3,"name":"CAMISA SOCIAL MASCULINA MANGA LONGA UNIFILL"}]}]}},"_links":{"self":[{"href":"https:\/\/siteantigo.haddaduniformes.com.br\/wp\/wp-json\/wp\/v2\/product\/21258"}],"collection":[{"href":"https:\/\/siteantigo.haddaduniformes.com.br\/wp\/wp-json\/wp\/v2\/product"}],"about":[{"href":"https:\/\/siteantigo.haddaduniformes.com.br\/wp\/wp-json\/wp\/v2\/types\/product"}],"replies":[{"embeddable":true,"href":"https:\/\/siteantigo.haddaduniformes.com.br\/wp\/wp-json\/wp\/v2\/comments?post=21258"}],"wp:featuredmedia":[{"embeddable":true,"href":"https:\/\/siteantigo.haddaduniformes.com.br\/wp\/wp-json\/wp\/v2\/media\/21533"}],"wp:attachment":[{"href":"https:\/\/siteantigo.haddaduniformes.com.br\/wp\/wp-json\/wp\/v2\/media?parent=21258"}],"wp:term":[{"taxonomy":"product_cat","embeddable":true,"href":"https:\/\/siteantigo.haddaduniformes.com.br\/wp\/wp-json\/wp\/v2\/product_cat?post=21258"},{"taxonomy":"product_tag","embeddable":true,"href":"https:\/\/siteantigo.haddaduniformes.com.br\/wp\/wp-json\/wp\/v2\/product_tag?post=21258"}],"curies":[{"name":"wp","href":"https:\/\/api.w.org\/{rel}","templated":true}]}}